{"id":21,"date":"2013-08-10T20:39:17","date_gmt":"2013-08-10T20:39:17","guid":{"rendered":"http:\/\/fazendaapolo.com.br\/wp\/?page_id=21"},"modified":"2013-08-10T20:54:49","modified_gmt":"2013-08-10T20:54:49","slug":"informacoes-gerais","status":"publish","type":"page","link":"http:\/\/fazendaapolo.com.br\/wp\/?page_id=21","title":{"rendered":"Informa\u00e7\u00f5es Gerais"},"content":{"rendered":"<p>Motivo da planta\u00e7\u00e3o de trigo, milho, soja<\/p>\n<p>Raz\u00f5es para n\u00e3o termos mais gado<\/p>\n<p>Motivo para iniciarmos com planta\u00e7\u00e3o de hortel\u00e3;<\/p>\n<p>Melhores \u00e9pocas para plantio de trigo, milho ou soja<\/p>\n<p>O que \u00e9 uma comodit<\/p>\n<p>Tipos de solo da regi\u00e3o<\/p>\n","protected":false},"excerpt":{"rendered":"<p>Motivo da planta\u00e7\u00e3o de trigo, milho, soja Raz\u00f5es para n\u00e3o termos mais gado Motivo para iniciarmos com planta\u00e7\u00e3o de hortel\u00e3; Melhores \u00e9pocas para plantio de trigo, milho ou soja O que \u00e9 uma comodit Tipos de solo da regi\u00e3o<\/p>\n","protected":false},"author":1,"featured_media":0,"parent":0,"menu_order":3,"comment_status":"closed","ping_status":"closed","template":"","meta":{"footnotes":""},"_links":{"self":[{"href":"http:\/\/fazendaapolo.com.br\/wp\/index.php?rest_route=\/wp\/v2\/pages\/21"}],"collection":[{"href":"http:\/\/fazendaapolo.com.br\/wp\/index.php?rest_route=\/wp\/v2\/pages"}],"about":[{"href":"http:\/\/fazendaapolo.com.br\/wp\/index.php?rest_route=\/wp\/v2\/types\/page"}],"author":[{"embeddable":true,"href":"http:\/\/fazendaapolo.com.br\/wp\/index.php?rest_route=\/wp\/v2\/users\/1"}],"replies":[{"embeddable":true,"href":"http:\/\/fazendaapolo.com.br\/wp\/index.php?rest_route=%2Fwp%2Fv2%2Fcomments&post=21"}],"version-history":[{"count":2,"href":"http:\/\/fazendaapolo.com.br\/wp\/index.php?rest_route=\/wp\/v2\/pages\/21\/revisions"}],"predecessor-version":[{"id":29,"href":"http:\/\/fazendaapolo.com.br\/wp\/index.php?rest_route=\/wp\/v2\/pages\/21\/revisions\/29"}],"wp:attachment":[{"href":"http:\/\/fazendaapolo.com.br\/wp\/index.php?rest_route=%2Fwp%2Fv2%2Fmedia&parent=21"}],"curies":[{"name":"wp","href":"https:\/\/api.w.org\/{rel}","templated":true}]}}