{"id":2,"date":"2013-03-27T20:32:54","date_gmt":"2013-03-27T20:32:54","guid":{"rendered":"http:\/\/fazendaapolo.com.br\/wp\/?page_id=2"},"modified":"2013-08-10T20:54:20","modified_gmt":"2013-08-10T20:54:20","slug":"teste","status":"publish","type":"page","link":"http:\/\/fazendaapolo.com.br\/wp\/?page_id=2","title":{"rendered":"Hist\u00f3ria"},"content":{"rendered":"<p>Aquisi\u00e7\u00e3o ou compra<\/p>\n<p>\u00c9poca das toras de madeira<\/p>\n<p>Plantio de hortel\u00e3<\/p>\n<p>Passagem de pai para filho<\/p>\n<p>Passagem de irm\u00e3o pra irm\u00e3o<\/p>\n","protected":false},"excerpt":{"rendered":"<p>Aquisi\u00e7\u00e3o ou compra \u00c9poca das toras de madeira Plantio de hortel\u00e3 Passagem de pai para filho Passagem de irm\u00e3o pra irm\u00e3o<\/p>\n","protected":false},"author":1,"featured_media":0,"parent":0,"menu_order":2,"comment_status":"closed","ping_status":"closed","template":"","meta":{"footnotes":""},"_links":{"self":[{"href":"http:\/\/fazendaapolo.com.br\/wp\/index.php?rest_route=\/wp\/v2\/pages\/2"}],"collection":[{"href":"http:\/\/fazendaapolo.com.br\/wp\/index.php?rest_route=\/wp\/v2\/pages"}],"about":[{"href":"http:\/\/fazendaapolo.com.br\/wp\/index.php?rest_route=\/wp\/v2\/types\/page"}],"author":[{"embeddable":true,"href":"http:\/\/fazendaapolo.com.br\/wp\/index.php?rest_route=\/wp\/v2\/users\/1"}],"replies":[{"embeddable":true,"href":"http:\/\/fazendaapolo.com.br\/wp\/index.php?rest_route=%2Fwp%2Fv2%2Fcomments&post=2"}],"version-history":[{"count":6,"href":"http:\/\/fazendaapolo.com.br\/wp\/index.php?rest_route=\/wp\/v2\/pages\/2\/revisions"}],"predecessor-version":[{"id":28,"href":"http:\/\/fazendaapolo.com.br\/wp\/index.php?rest_route=\/wp\/v2\/pages\/2\/revisions\/28"}],"wp:attachment":[{"href":"http:\/\/fazendaapolo.com.br\/wp\/index.php?rest_route=%2Fwp%2Fv2%2Fmedia&parent=2"}],"curies":[{"name":"wp","href":"https:\/\/api.w.org\/{rel}","templated":true}]}}