{"id":19,"date":"2013-08-10T20:38:56","date_gmt":"2013-08-10T20:38:56","guid":{"rendered":"http:\/\/fazendaapolo.com.br\/wp\/?page_id=19"},"modified":"2013-08-10T22:33:40","modified_gmt":"2013-08-10T22:33:40","slug":"contato","status":"publish","type":"page","link":"http:\/\/fazendaapolo.com.br\/wp\/?page_id=19","title":{"rendered":"Contato"},"content":{"rendered":"<p>\u00c9 f\u00e1cil falar com a gente.<\/p>\n<p>Entre em contato pelo e-mail fazenda@fazendaapolo.com.br<\/p>\n<p>tamb\u00e9m pode falar pelo telefone no (45) 3565-1392<\/p>\n<p>Ou ent\u00e3o fa\u00e7a nos uma visita na Lin Ipiranga Km 18 &#8211; S\u00e3o Miguel do Igua\u00e7u &#8211; PR CEP 85877-000<\/p>\n","protected":false},"excerpt":{"rendered":"<p>\u00c9 f\u00e1cil falar com a gente. Entre em contato pelo e-mail fazenda@fazendaapolo.com.br tamb\u00e9m pode falar pelo telefone no (45) 3565-1392 Ou ent\u00e3o fa\u00e7a nos uma visita na Lin Ipiranga Km 18 &#8211; S\u00e3o Miguel do Igua\u00e7u &#8211; PR CEP 85877-000<\/p>\n","protected":false},"author":1,"featured_media":0,"parent":0,"menu_order":4,"comment_status":"closed","ping_status":"closed","template":"","meta":{"footnotes":""},"_links":{"self":[{"href":"http:\/\/fazendaapolo.com.br\/wp\/index.php?rest_route=\/wp\/v2\/pages\/19"}],"collection":[{"href":"http:\/\/fazendaapolo.com.br\/wp\/index.php?rest_route=\/wp\/v2\/pages"}],"about":[{"href":"http:\/\/fazendaapolo.com.br\/wp\/index.php?rest_route=\/wp\/v2\/types\/page"}],"author":[{"embeddable":true,"href":"http:\/\/fazendaapolo.com.br\/wp\/index.php?rest_route=\/wp\/v2\/users\/1"}],"replies":[{"embeddable":true,"href":"http:\/\/fazendaapolo.com.br\/wp\/index.php?rest_route=%2Fwp%2Fv2%2Fcomments&post=19"}],"version-history":[{"count":5,"href":"http:\/\/fazendaapolo.com.br\/wp\/index.php?rest_route=\/wp\/v2\/pages\/19\/revisions"}],"predecessor-version":[{"id":48,"href":"http:\/\/fazendaapolo.com.br\/wp\/index.php?rest_route=\/wp\/v2\/pages\/19\/revisions\/48"}],"wp:attachment":[{"href":"http:\/\/fazendaapolo.com.br\/wp\/index.php?rest_route=%2Fwp%2Fv2%2Fmedia&parent=19"}],"curies":[{"name":"wp","href":"https:\/\/api.w.org\/{rel}","templated":true}]}}