{"id":17,"date":"2013-08-10T20:38:35","date_gmt":"2013-08-10T20:38:35","guid":{"rendered":"http:\/\/fazendaapolo.com.br\/wp\/?page_id=17"},"modified":"2013-08-12T12:47:52","modified_gmt":"2013-08-12T12:47:52","slug":"localizacao","status":"publish","type":"page","link":"http:\/\/fazendaapolo.com.br\/wp\/?page_id=17","title":{"rendered":"Localiza\u00e7\u00e3o"},"content":{"rendered":"<p>T\u00e1 vendo o pontinho verde?<\/p>\n<p>a fazenda \u00e9 ali..<\/p>\n<p><a href=\"http:\/\/fazendaapolo.com.br\/wp\/wp-content\/uploads\/2013\/08\/fazenda.jpg\"><img loading=\"lazy\" decoding=\"async\" class=\"alignnone size-medium wp-image-49\" alt=\"fazenda\" src=\"http:\/\/fazendaapolo.com.br\/wp\/wp-content\/uploads\/2013\/08\/fazenda-300x179.jpg\" width=\"300\" height=\"179\" srcset=\"http:\/\/fazendaapolo.com.br\/wp\/wp-content\/uploads\/2013\/08\/fazenda-300x179.jpg 300w, http:\/\/fazendaapolo.com.br\/wp\/wp-content\/uploads\/2013\/08\/fazenda-1024x611.jpg 1024w\" sizes=\"(max-width: 300px) 100vw, 300px\" \/><\/a><\/p>\n<p>N\u00e3o viu?<\/p>\n<p>olha mais de perto ent\u00e3o&#8230;<\/p>\n<p><a href=\"http:\/\/fazendaapolo.com.br\/wp\/wp-content\/uploads\/2013\/08\/fazenda2.jpg\"><img loading=\"lazy\" decoding=\"async\" class=\"alignnone size-medium wp-image-50\" alt=\"fazenda2\" src=\"http:\/\/fazendaapolo.com.br\/wp\/wp-content\/uploads\/2013\/08\/fazenda2-300x214.jpg\" width=\"300\" height=\"214\" srcset=\"http:\/\/fazendaapolo.com.br\/wp\/wp-content\/uploads\/2013\/08\/fazenda2-300x214.jpg 300w, http:\/\/fazendaapolo.com.br\/wp\/wp-content\/uploads\/2013\/08\/fazenda2-1024x732.jpg 1024w\" sizes=\"(max-width: 300px) 100vw, 300px\" \/><\/a><\/p>\n<p>Achou agora?<\/p>\n","protected":false},"excerpt":{"rendered":"<p>T\u00e1 vendo o pontinho verde? a fazenda \u00e9 ali.. N\u00e3o viu? olha mais de perto ent\u00e3o&#8230; Achou agora?<\/p>\n","protected":false},"author":1,"featured_media":0,"parent":0,"menu_order":1,"comment_status":"closed","ping_status":"closed","template":"","meta":{"footnotes":""},"_links":{"self":[{"href":"http:\/\/fazendaapolo.com.br\/wp\/index.php?rest_route=\/wp\/v2\/pages\/17"}],"collection":[{"href":"http:\/\/fazendaapolo.com.br\/wp\/index.php?rest_route=\/wp\/v2\/pages"}],"about":[{"href":"http:\/\/fazendaapolo.com.br\/wp\/index.php?rest_route=\/wp\/v2\/types\/page"}],"author":[{"embeddable":true,"href":"http:\/\/fazendaapolo.com.br\/wp\/index.php?rest_route=\/wp\/v2\/users\/1"}],"replies":[{"embeddable":true,"href":"http:\/\/fazendaapolo.com.br\/wp\/index.php?rest_route=%2Fwp%2Fv2%2Fcomments&post=17"}],"version-history":[{"count":4,"href":"http:\/\/fazendaapolo.com.br\/wp\/index.php?rest_route=\/wp\/v2\/pages\/17\/revisions"}],"predecessor-version":[{"id":54,"href":"http:\/\/fazendaapolo.com.br\/wp\/index.php?rest_route=\/wp\/v2\/pages\/17\/revisions\/54"}],"wp:attachment":[{"href":"http:\/\/fazendaapolo.com.br\/wp\/index.php?rest_route=%2Fwp%2Fv2%2Fmedia&parent=17"}],"curies":[{"name":"wp","href":"https:\/\/api.w.org\/{rel}","templated":true}]}}